{"id":2985,"date":"2026-03-30T07:25:25","date_gmt":"2026-03-30T07:25:25","guid":{"rendered":"https:\/\/guideforyouapp.com\/?page_id=2985"},"modified":"2026-03-30T07:39:40","modified_gmt":"2026-03-30T07:39:40","slug":"impressum","status":"publish","type":"page","link":"https:\/\/guideforyouapp.com\/en\/impressum\/","title":{"rendered":"Imprint"},"content":{"rendered":"<div data-elementor-type=\"wp-page\" data-elementor-id=\"2985\" class=\"elementor elementor-2985\" data-elementor-post-type=\"page\">\n\t\t\t\t<div class=\"elementor-element elementor-element-25de068b e-flex e-con-boxed e-con e-parent\" data-id=\"25de068b\" data-element_type=\"container\" data-settings=\"{&quot;background_background&quot;:&quot;gradient&quot;}\">\n\t\t\t\t\t<div class=\"e-con-inner\">\n\t\t\t\t<div class=\"elementor-element elementor-element-4489f82d animated-fast elementor-invisible elementor-widget elementor-widget-heading\" data-id=\"4489f82d\" data-element_type=\"widget\" data-settings=\"{&quot;_animation&quot;:&quot;fadeInUp&quot;}\" data-widget_type=\"heading.default\">\n\t\t\t\t\t<h1 class=\"elementor-heading-title elementor-size-default\">Imprint<\/h1>\t\t\t\t<\/div>\n\t\t\t\t\t<\/div>\n\t\t\t\t<\/div>\n\t\t<div class=\"elementor-element elementor-element-49f96d0 e-flex e-con-boxed e-con e-parent\" data-id=\"49f96d0\" data-element_type=\"container\" data-settings=\"{&quot;background_background&quot;:&quot;classic&quot;}\">\n\t\t\t\t\t<div class=\"e-con-inner\">\n\t\t<div class=\"elementor-element elementor-element-c6bd1ac e-con-full e-flex elementor-invisible e-con e-child\" data-id=\"c6bd1ac\" data-element_type=\"container\" data-settings=\"{&quot;background_background&quot;:&quot;classic&quot;,&quot;animation&quot;:&quot;fadeIn&quot;}\">\n\t\t<div class=\"elementor-element elementor-element-ea8d26b e-con-full e-flex e-con e-child\" data-id=\"ea8d26b\" data-element_type=\"container\">\n\t\t\t\t<div class=\"elementor-element elementor-element-b7989cb elementor-widget elementor-widget-text-editor\" data-id=\"b7989cb\" data-element_type=\"widget\" data-widget_type=\"text-editor.default\">\n\t\t\t\t\t\t\t\t\t<h3>Seller's details<\/h3><p class=\"isSelectedEnd\">Title: Guide For You<br \/>Registered office: Sedeli Viktora 14, 32270 \u017dupanja, Croatia<br \/>OIB: 15401690100<\/p><p class=\"isSelectedEnd\">Contact:<br \/>E-mail: <a href=\"mailto:info@guideforyouapp.com\">info@guideforyouapp.com<\/a><\/p><div contenteditable=\"false\"><hr \/><\/div><h3>General Information<\/h3><p class=\"isSelectedEnd\">The Guide For You website serves to present and sell products made to the customer's order.<\/p><p class=\"isSelectedEnd\">By using this website, users accept all applicable terms of use and general terms and conditions of business.<\/p><div contenteditable=\"false\"><hr \/><\/div><h3>Competence<\/h3><p class=\"isSelectedEnd\">For any disputes that may arise in connection with the use of this website or purchases made through it, the competent court in the Republic of Croatia shall have jurisdiction.<\/p><div contenteditable=\"false\"><hr \/><\/div><h3>Dispute Resolution<\/h3><p class=\"isSelectedEnd\">In accordance with current European Union regulations, consumers can use the Online Dispute Resolution (ODR) platform:<\/p><p class=\"isSelectedEnd\"><a href=\"https:\/\/ec.europa.eu\/consumers\/odr\">https:\/\/ec.europa.eu\/consumers\/odr<\/a><\/p><div contenteditable=\"false\"><hr \/><\/div><h3>Copyright<\/h3><p class=\"isSelectedEnd\">All content published on this website (texts, photographs, design, and other materials) is the property of Guide For You and may not be used without prior written consent.<\/p><div contenteditable=\"false\"><hr \/><\/div><h3>Disclaimer<\/h3><p class=\"isSelectedEnd\">The seller makes every effort to ensure the accuracy and currency of the information on the website, but accepts no liability for any errors or inaccuracies.<\/p><div contenteditable=\"false\"><hr \/><\/div><h3>Content changes<\/h3><p>Guide For You reserves the right to amend the content of the website and this Imprint at any time without prior notice.<\/p>\t\t\t\t\t\t\t\t<\/div>\n\t\t\t\t<\/div>\n\t\t\t\t<\/div>\n\t\t\t\t\t<\/div>\n\t\t\t\t<\/div>\n\t\t\t\t<\/div>","protected":false},"excerpt":{"rendered":"<p>Impressum Podaci o prodavatelju Naziv: Guide For YouSjedi\u0161te: Sedeli Viktora 14, 32270 \u017dupanja, HrvatskaOIB: 15401690100 Kontakt:E-mail: info@guideforyouapp.com Op\u0107e informacije Web stranica Guide For You slu\u017ei za prezentaciju i prodaju proizvoda izra\u0111enih po narud\u017ebi kupca. Kori\u0161tenjem ove web stranice korisnici prihva\u0107aju sve va\u017ee\u0107e uvjete kori\u0161tenja i op\u0107e uvjete poslovanja. Nadle\u017enost Za sve sporove koji mogu nastati [&hellip;]<\/p>","protected":false},"author":1,"featured_media":0,"parent":0,"menu_order":0,"comment_status":"closed","ping_status":"closed","template":"","meta":{"footnotes":""},"class_list":["post-2985","page","type-page","status-publish","hentry"],"aioseo_notices":[],"_links":{"self":[{"href":"https:\/\/guideforyouapp.com\/en\/wp-json\/wp\/v2\/pages\/2985","targetHints":{"allow":["GET"]}}],"collection":[{"href":"https:\/\/guideforyouapp.com\/en\/wp-json\/wp\/v2\/pages"}],"about":[{"href":"https:\/\/guideforyouapp.com\/en\/wp-json\/wp\/v2\/types\/page"}],"author":[{"embeddable":true,"href":"https:\/\/guideforyouapp.com\/en\/wp-json\/wp\/v2\/users\/1"}],"replies":[{"embeddable":true,"href":"https:\/\/guideforyouapp.com\/en\/wp-json\/wp\/v2\/comments?post=2985"}],"version-history":[{"count":10,"href":"https:\/\/guideforyouapp.com\/en\/wp-json\/wp\/v2\/pages\/2985\/revisions"}],"predecessor-version":[{"id":2996,"href":"https:\/\/guideforyouapp.com\/en\/wp-json\/wp\/v2\/pages\/2985\/revisions\/2996"}],"wp:attachment":[{"href":"https:\/\/guideforyouapp.com\/en\/wp-json\/wp\/v2\/media?parent=2985"}],"curies":[{"name":"wp","href":"https:\/\/api.w.org\/{rel}","templated":true}]}}