{"id":46,"date":"2025-10-23T06:16:43","date_gmt":"2025-10-23T06:16:43","guid":{"rendered":"https:\/\/guideforyouapp.com\/new\/?page_id=46"},"modified":"2026-02-03T08:05:06","modified_gmt":"2026-02-03T08:05:06","slug":"kontakt","status":"publish","type":"page","link":"https:\/\/guideforyouapp.com\/en\/kontakt\/","title":{"rendered":"Contact"},"content":{"rendered":"<div data-elementor-type=\"wp-page\" data-elementor-id=\"46\" class=\"elementor elementor-46\" data-elementor-post-type=\"page\">\n\t\t\t\t<div class=\"elementor-element elementor-element-b47e92c e-flex e-con-boxed e-con e-parent\" data-id=\"b47e92c\" data-element_type=\"container\" data-settings=\"{&quot;background_background&quot;:&quot;classic&quot;}\">\n\t\t\t\t\t<div class=\"e-con-inner\">\n\t\t\t\t<div class=\"elementor-element elementor-element-eca82d2 animated-fast elementor-invisible elementor-widget elementor-widget-heading\" data-id=\"eca82d2\" data-element_type=\"widget\" data-settings=\"{&quot;_animation&quot;:&quot;fadeInUp&quot;}\" data-widget_type=\"heading.default\">\n\t\t\t\t\t<h1 class=\"elementor-heading-title elementor-size-default\">Contact us!<\/h1>\t\t\t\t<\/div>\n\t\t\t\t<div class=\"elementor-element elementor-element-d9100ab elementor-widget__width-initial elementor-widget elementor-widget-text-editor\" data-id=\"d9100ab\" data-element_type=\"widget\" data-widget_type=\"text-editor.default\">\n\t\t\t\t\t\t\t\t\t<p>Are you ready to improve your visitor experience? Contact us and we will find a solution that fits your needs.<\/p>\t\t\t\t\t\t\t\t<\/div>\n\t\t\t\t\t<\/div>\n\t\t\t\t<\/div>\n\t\t<div class=\"elementor-element elementor-element-6e8133c e-flex e-con-boxed e-con e-parent\" data-id=\"6e8133c\" data-element_type=\"container\">\n\t\t\t\t\t<div class=\"e-con-inner\">\n\t\t<div class=\"elementor-element elementor-element-385bd81 e-con-full e-flex e-con e-child\" data-id=\"385bd81\" data-element_type=\"container\">\n\t\t<div class=\"elementor-element elementor-element-1a6b6ed e-con-full e-flex elementor-invisible e-con e-child\" data-id=\"1a6b6ed\" data-element_type=\"container\" data-settings=\"{&quot;background_background&quot;:&quot;classic&quot;,&quot;animation&quot;:&quot;fadeIn&quot;}\">\n\t\t\t\t<div class=\"elementor-element elementor-element-2404045 elementor-widget elementor-widget-heading\" data-id=\"2404045\" data-element_type=\"widget\" data-widget_type=\"heading.default\">\n\t\t\t\t\t<h3 class=\"elementor-heading-title elementor-size-default\">Contact us<\/h3>\t\t\t\t<\/div>\n\t\t\t\t<div class=\"elementor-element elementor-element-d3788d1 elementor-widget elementor-widget-text-editor\" data-id=\"d3788d1\" data-element_type=\"widget\" data-widget_type=\"text-editor.default\">\n\t\t\t\t\t\t\t\t\t<p>We will help you find a solution that suits your needs.<\/p>\t\t\t\t\t\t\t\t<\/div>\n\t\t\t\t<div class=\"elementor-element elementor-element-8159b0b elementor-button-align-stretch elementor-widget elementor-widget-form\" data-id=\"8159b0b\" data-element_type=\"widget\" data-settings=\"{&quot;step_next_label&quot;:&quot;Next&quot;,&quot;step_previous_label&quot;:&quot;Previous&quot;,&quot;button_width&quot;:&quot;100&quot;,&quot;step_type&quot;:&quot;number_text&quot;,&quot;step_icon_shape&quot;:&quot;circle&quot;}\" data-widget_type=\"form.default\">\n\t\t\t\t\t\t\t<form class=\"elementor-form\" method=\"post\" name=\"New Form\" aria-label=\"New Form\" action=\"\">\n\t\t\t<input type=\"hidden\" name=\"post_id\" value=\"46\"\/>\n\t\t\t<input type=\"hidden\" name=\"form_id\" value=\"8159b0b\"\/>\n\t\t\t<input type=\"hidden\" name=\"referer_title\" value=\"\" \/>\n\n\t\t\t\n\t\t\t<div class=\"elementor-form-fields-wrapper elementor-labels-above\">\n\t\t\t\t\t\t\t\t<div class=\"elementor-field-type-text elementor-field-group elementor-column elementor-field-group-name elementor-col-50 elementor-field-required elementor-mark-required\">\n\t\t\t\t\t\t\t\t\t\t\t\t<label for=\"form-field-name\" class=\"elementor-field-label\">\n\t\t\t\t\t\t\t\tFirst and last name\t\t\t\t\t\t\t<\/label>\n\t\t\t\t\t\t\t\t\t\t\t\t\t\t<input size=\"1\" type=\"text\" name=\"form_fields[name]\" id=\"form-field-name\" class=\"elementor-field elementor-size-md  elementor-field-textual\" placeholder=\"First and last name\" required=\"required\">\n\t\t\t\t\t\t\t\t\t\t\t<\/div>\n\t\t\t\t\t\t\t\t<div class=\"elementor-field-type-email elementor-field-group elementor-column elementor-field-group-email elementor-col-50 elementor-field-required elementor-mark-required\">\n\t\t\t\t\t\t\t\t\t\t\t\t<label for=\"form-field-email\" class=\"elementor-field-label\">\n\t\t\t\t\t\t\t\tE-mail address\t\t\t\t\t\t\t<\/label>\n\t\t\t\t\t\t\t\t\t\t\t\t\t\t<input size=\"1\" type=\"email\" name=\"form_fields[email]\" id=\"form-field-email\" class=\"elementor-field elementor-size-md  elementor-field-textual\" placeholder=\"your.email@company.com\" required=\"required\">\n\t\t\t\t\t\t\t\t\t\t\t<\/div>\n\t\t\t\t\t\t\t\t<div class=\"elementor-field-type-text elementor-field-group elementor-column elementor-field-group-field_7bd1880 elementor-col-50\">\n\t\t\t\t\t\t\t\t\t\t\t\t<label for=\"form-field-field_7bd1880\" class=\"elementor-field-label\">\n\t\t\t\t\t\t\t\tCompany\/organization\t\t\t\t\t\t\t<\/label>\n\t\t\t\t\t\t\t\t\t\t\t\t\t\t<input size=\"1\" type=\"text\" name=\"form_fields[field_7bd1880]\" id=\"form-field-field_7bd1880\" class=\"elementor-field elementor-size-md  elementor-field-textual\" placeholder=\"Name\">\n\t\t\t\t\t\t\t\t\t\t\t<\/div>\n\t\t\t\t\t\t\t\t<div class=\"elementor-field-type-tel elementor-field-group elementor-column elementor-field-group-field_40a1e1d elementor-col-50\">\n\t\t\t\t\t\t\t\t\t\t\t\t<label for=\"form-field-field_40a1e1d\" class=\"elementor-field-label\">\n\t\t\t\t\t\t\t\tPhone number\t\t\t\t\t\t\t<\/label>\n\t\t\t\t\t\t\t\t<input size=\"1\" type=\"tel\" name=\"form_fields[field_40a1e1d]\" id=\"form-field-field_40a1e1d\" class=\"elementor-field elementor-size-md  elementor-field-textual\" placeholder=\"Phone number\" pattern=\"[0-9()#&amp;+*-=.]+\" title=\"Only numbers and phone characters (#, -, *, etc) are accepted.\">\n\n\t\t\t\t\t\t<\/div>\n\t\t\t\t\t\t\t\t<div class=\"elementor-field-type-select elementor-field-group elementor-column elementor-field-group-field_7a8994a elementor-col-100 elementor-field-required elementor-mark-required\">\n\t\t\t\t\t\t\t\t\t\t\t\t<label for=\"form-field-field_7a8994a\" class=\"elementor-field-label\">\n\t\t\t\t\t\t\t\tI am interested.\t\t\t\t\t\t\t<\/label>\n\t\t\t\t\t\t\t\t<div class=\"elementor-field elementor-select-wrapper remove-before\">\n\t\t\t<div class=\"select-caret-down-wrapper\">\n\t\t\t\t<svg aria-hidden=\"true\" class=\"e-font-icon-svg e-eicon-caret-down\" viewbox=\"0 0 571.4 571.4\" xmlns=\"http:\/\/www.w3.org\/2000\/svg\"><path d=\"M571 393Q571 407 561 418L311 668Q300 679 286 679T261 668L11 418Q0 407 0 393T11 368 36 357H536Q550 357 561 368T571 393Z\"><\/path><\/svg>\t\t\t<\/div>\n\t\t\t<select name=\"form_fields[field_7a8994a]\" id=\"form-field-field_7a8994a\" class=\"elementor-field-textual elementor-size-md\" required=\"required\">\n\t\t\t\t\t\t\t\t\t<option value=\"Informacije o proizvodima\">Product information<\/option>\n\t\t\t\t\t\t\t\t\t<option value=\"Testna verzija\">Test version<\/option>\n\t\t\t\t\t\t\t\t\t<option value=\"\u017delim preprodavati proizvode\">I want to resell products<\/option>\n\t\t\t\t\t\t\t\t\t<option value=\"Tehni\u010dka podr\u0161ka\">Technical support<\/option>\n\t\t\t\t\t\t\t\t\t<option value=\"Partnerske pogodnosti\">Partner benefits<\/option>\n\t\t\t\t\t\t\t\t\t<option value=\"Drugo\">Else<\/option>\n\t\t\t\t\t\t\t<\/select>\n\t\t<\/div>\n\t\t\t\t\t\t<\/div>\n\t\t\t\t\t\t\t\t<div class=\"elementor-field-type-textarea elementor-field-group elementor-column elementor-field-group-message elementor-col-100\">\n\t\t\t\t\t\t\t\t\t\t\t\t<label for=\"form-field-message\" class=\"elementor-field-label\">\n\t\t\t\t\t\t\t\tMessage\t\t\t\t\t\t\t<\/label>\n\t\t\t\t\t\t<textarea class=\"elementor-field-textual elementor-field  elementor-size-md\" name=\"form_fields[message]\" id=\"form-field-message\" rows=\"5\" placeholder=\"Tell us more about your plans...\"><\/textarea>\t\t\t\t<\/div>\n\t\t\t\t\t\t\t\t<div class=\"elementor-field-type-recaptcha_v3 elementor-field-group elementor-column elementor-field-group-field_9f2c7b9 elementor-col-100 recaptcha_v3-bottomright\">\n\t\t\t\t\t<div class=\"elementor-field\" id=\"form-field-field_9f2c7b9\"><div class=\"elementor-g-recaptcha\" data-sitekey=\"6LedFF8sAAAAAHZe9Eia75pShKjIJVGB0VVLel3-\" data-type=\"v3\" data-action=\"Form\" data-badge=\"bottomright\" data-size=\"invisible\"><\/div><\/div>\t\t\t\t<\/div>\n\t\t\t\t\t\t\t\t<div class=\"elementor-field-group elementor-column elementor-field-type-submit elementor-col-100 e-form__buttons\">\n\t\t\t\t\t<button class=\"elementor-button elementor-size-md\" type=\"submit\">\n\t\t\t\t\t\t<span class=\"elementor-button-content-wrapper\">\n\t\t\t\t\t\t\t\t\t\t\t\t\t\t\t<span class=\"elementor-button-icon\">\n\t\t\t\t\t\t\t\t\t<svg aria-hidden=\"true\" class=\"e-font-icon-svg e-far-paper-plane\" viewbox=\"0 0 512 512\" xmlns=\"http:\/\/www.w3.org\/2000\/svg\"><path d=\"M440 6.5L24 246.4c-34.4 19.9-31.1 70.8 5.7 85.9L144 379.6V464c0 46.4 59.2 65.5 86.6 28.6l43.8-59.1 111.9 46.2c5.9 2.4 12.1 3.6 18.3 3.6 8.2 0 16.3-2.1 23.6-6.2 12.8-7.2 21.6-20 23.9-34.5l59.4-387.2c6.1-40.1-36.9-68.8-71.5-48.9zM192 464v-64.6l36.6 15.1L192 464zm212.6-28.7l-153.8-63.5L391 169.5c10.7-15.5-9.5-33.5-23.7-21.2L155.8 332.6 48 288 464 48l-59.4 387.3z\"><\/path><\/svg>\t\t\t\t\t\t\t\t\t\t\t\t\t\t\t\t\t<\/span>\n\t\t\t\t\t\t\t\t\t\t\t\t\t\t\t\t\t\t\t\t\t\t<span class=\"elementor-button-text\">Send a message<\/span>\n\t\t\t\t\t\t\t\t\t\t\t\t\t<\/span>\n\t\t\t\t\t<\/button>\n\t\t\t\t<\/div>\n\t\t\t<\/div>\n\t\t<input type=\"hidden\" name=\"trp-form-language\" value=\"en\"\/><\/form>\n\t\t\t\t\t\t<\/div>\n\t\t\t\t<\/div>\n\t\t\t\t<\/div>\n\t\t<div class=\"elementor-element elementor-element-adce057 e-con-full e-flex e-con e-child\" data-id=\"adce057\" data-element_type=\"container\">\n\t\t<div class=\"elementor-element elementor-element-cbf9677 e-con-full e-flex elementor-invisible e-con e-child\" data-id=\"cbf9677\" data-element_type=\"container\" data-settings=\"{&quot;background_background&quot;:&quot;classic&quot;,&quot;animation&quot;:&quot;fadeIn&quot;,&quot;animation_delay&quot;:100}\">\n\t\t\t\t<div class=\"elementor-element elementor-element-4b86d06 elementor-widget elementor-widget-heading\" data-id=\"4b86d06\" data-element_type=\"widget\" data-widget_type=\"heading.default\">\n\t\t\t\t\t<h4 class=\"elementor-heading-title elementor-size-default\">Contact<\/h4>\t\t\t\t<\/div>\n\t\t<div class=\"elementor-element elementor-element-58c5464f e-con-full e-flex e-con e-child\" data-id=\"58c5464f\" data-element_type=\"container\">\n\t\t\t\t<div class=\"elementor-element elementor-element-59218328 elementor-view-default elementor-widget elementor-widget-icon\" data-id=\"59218328\" data-element_type=\"widget\" data-widget_type=\"icon.default\">\n\t\t\t\t\t\t\t<div class=\"elementor-icon-wrapper\">\n\t\t\t<div class=\"elementor-icon\">\n\t\t\t<svg xmlns=\"http:\/\/www.w3.org\/2000\/svg\" width=\"24\" height=\"24\" viewbox=\"0 0 24 24\" fill=\"none\" stroke=\"currentColor\" stroke-width=\"2\" stroke-linecap=\"round\" stroke-linejoin=\"round\" class=\"lucide lucide-map-pin-icon lucide-map-pin\"><path d=\"M20 10c0 4.993-5.539 10.193-7.399 11.799a1 1 0 0 1-1.202 0C9.539 20.193 4 14.993 4 10a8 8 0 0 1 16 0\"><\/path><circle cx=\"12\" cy=\"10\" r=\"3\"><\/circle><\/svg>\t\t\t<\/div>\n\t\t<\/div>\n\t\t\t\t\t\t<\/div>\n\t\t<div class=\"elementor-element elementor-element-ee7e639 e-con-full e-flex e-con e-child\" data-id=\"ee7e639\" data-element_type=\"container\">\n\t\t\t\t<div class=\"elementor-element elementor-element-201ff45 elementor-widget elementor-widget-heading\" data-id=\"201ff45\" data-element_type=\"widget\" data-widget_type=\"heading.default\">\n\t\t\t\t\t<h5 class=\"elementor-heading-title elementor-size-default\">Address<\/h5>\t\t\t\t<\/div>\n\t\t\t\t<div class=\"elementor-element elementor-element-2b898872 elementor-widget elementor-widget-heading\" data-id=\"2b898872\" data-element_type=\"widget\" data-widget_type=\"heading.default\">\n\t\t\t\t\t<h5 class=\"elementor-heading-title elementor-size-default\">Viktora Sedeli 14,<\/h5>\t\t\t\t<\/div>\n\t\t\t\t<div class=\"elementor-element elementor-element-1979f51 elementor-widget elementor-widget-heading\" data-id=\"1979f51\" data-element_type=\"widget\" data-widget_type=\"heading.default\">\n\t\t\t\t\t<h5 class=\"elementor-heading-title elementor-size-default\">32270 Zupanja, Croatia<\/h5>\t\t\t\t<\/div>\n\t\t\t\t<\/div>\n\t\t\t\t<\/div>\n\t\t<div class=\"elementor-element elementor-element-2a9bc068 e-con-full e-flex e-con e-child\" data-id=\"2a9bc068\" data-element_type=\"container\">\n\t\t\t\t<div class=\"elementor-element elementor-element-77c1d29c elementor-view-default elementor-widget elementor-widget-icon\" data-id=\"77c1d29c\" data-element_type=\"widget\" data-widget_type=\"icon.default\">\n\t\t\t\t\t\t\t<div class=\"elementor-icon-wrapper\">\n\t\t\t<div class=\"elementor-icon\">\n\t\t\t<svg xmlns=\"http:\/\/www.w3.org\/2000\/svg\" width=\"24\" height=\"24\" viewbox=\"0 0 24 24\" fill=\"none\" stroke=\"currentColor\" stroke-width=\"2\" stroke-linecap=\"round\" stroke-linejoin=\"round\" class=\"lucide lucide-phone-icon lucide-phone\"><path d=\"M13.832 16.568a1 1 0 0 0 1.213-.303l.355-.465A2 2 0 0 1 17 15h3a2 2 0 0 1 2 2v3a2 2 0 0 1-2 2A18 18 0 0 1 2 4a2 2 0 0 1 2-2h3a2 2 0 0 1 2 2v3a2 2 0 0 1-.8 1.6l-.468.351a1 1 0 0 0-.292 1.233 14 14 0 0 0 6.392 6.384\"><\/path><\/svg>\t\t\t<\/div>\n\t\t<\/div>\n\t\t\t\t\t\t<\/div>\n\t\t<div class=\"elementor-element elementor-element-23aabd8a e-con-full e-flex e-con e-child\" data-id=\"23aabd8a\" data-element_type=\"container\">\n\t\t\t\t<div class=\"elementor-element elementor-element-dfcfbf5 elementor-widget elementor-widget-heading\" data-id=\"dfcfbf5\" data-element_type=\"widget\" data-widget_type=\"heading.default\">\n\t\t\t\t\t<h5 class=\"elementor-heading-title elementor-size-default\">Phone number<\/h5>\t\t\t\t<\/div>\n\t\t\t\t<div class=\"elementor-element elementor-element-2759d9e2 elementor-widget elementor-widget-heading\" data-id=\"2759d9e2\" data-element_type=\"widget\" data-widget_type=\"heading.default\">\n\t\t\t\t\t<h5 class=\"elementor-heading-title elementor-size-default\"><a href=\"tel:+385 91 606 1272\">+385 91 606 1272 <\/a><\/h5>\t\t\t\t<\/div>\n\t\t\t\t<\/div>\n\t\t\t\t<\/div>\n\t\t<div class=\"elementor-element elementor-element-1d93b110 e-con-full e-flex e-con e-child\" data-id=\"1d93b110\" data-element_type=\"container\">\n\t\t\t\t<div class=\"elementor-element elementor-element-34dd5d92 elementor-view-default elementor-widget elementor-widget-icon\" data-id=\"34dd5d92\" data-element_type=\"widget\" data-widget_type=\"icon.default\">\n\t\t\t\t\t\t\t<div class=\"elementor-icon-wrapper\">\n\t\t\t<div class=\"elementor-icon\">\n\t\t\t<svg xmlns=\"http:\/\/www.w3.org\/2000\/svg\" width=\"24\" height=\"24\" viewbox=\"0 0 24 24\" fill=\"none\" stroke=\"currentColor\" stroke-width=\"2\" stroke-linecap=\"round\" stroke-linejoin=\"round\" class=\"lucide lucide-mail-icon lucide-mail\"><path d=\"m22 7-8.991 5.727a2 2 0 0 1-2.009 0L2 7\"><\/path><rect x=\"2\" y=\"4\" width=\"20\" height=\"16\" rx=\"2\"><\/rect><\/svg>\t\t\t<\/div>\n\t\t<\/div>\n\t\t\t\t\t\t<\/div>\n\t\t<div class=\"elementor-element elementor-element-63dae136 e-con-full e-flex e-con e-child\" data-id=\"63dae136\" data-element_type=\"container\">\n\t\t\t\t<div class=\"elementor-element elementor-element-7da531d elementor-widget elementor-widget-heading\" data-id=\"7da531d\" data-element_type=\"widget\" data-widget_type=\"heading.default\">\n\t\t\t\t\t<h5 class=\"elementor-heading-title elementor-size-default\">E-mail<\/h5>\t\t\t\t<\/div>\n\t\t\t\t<div class=\"elementor-element elementor-element-429a2947 elementor-widget elementor-widget-heading\" data-id=\"429a2947\" data-element_type=\"widget\" data-widget_type=\"heading.default\">\n\t\t\t\t\t<h5 class=\"elementor-heading-title elementor-size-default\"><a href=\"mailto:info@guideforyouapp.com\">info@guideforyouapp.com<\/a><\/h5>\t\t\t\t<\/div>\n\t\t\t\t<\/div>\n\t\t\t\t<\/div>\n\t\t<div class=\"elementor-element elementor-element-647e9ea e-con-full e-flex e-con e-child\" data-id=\"647e9ea\" data-element_type=\"container\">\n\t\t\t\t<div class=\"elementor-element elementor-element-5622424 elementor-view-default elementor-widget elementor-widget-icon\" data-id=\"5622424\" data-element_type=\"widget\" data-widget_type=\"icon.default\">\n\t\t\t\t\t\t\t<div class=\"elementor-icon-wrapper\">\n\t\t\t<div class=\"elementor-icon\">\n\t\t\t<svg xmlns=\"http:\/\/www.w3.org\/2000\/svg\" width=\"24\" height=\"24\" viewbox=\"0 0 24 24\" fill=\"none\" stroke=\"currentColor\" stroke-width=\"2\" stroke-linecap=\"round\" stroke-linejoin=\"round\" class=\"lucide lucide-clock-icon lucide-clock\"><path d=\"M12 6v6l4 2\"><\/path><circle cx=\"12\" cy=\"12\" r=\"10\"><\/circle><\/svg>\t\t\t<\/div>\n\t\t<\/div>\n\t\t\t\t\t\t<\/div>\n\t\t<div class=\"elementor-element elementor-element-190cec5 e-con-full e-flex e-con e-child\" data-id=\"190cec5\" data-element_type=\"container\">\n\t\t\t\t<div class=\"elementor-element elementor-element-4d42dc0 elementor-widget elementor-widget-heading\" data-id=\"4d42dc0\" data-element_type=\"widget\" data-widget_type=\"heading.default\">\n\t\t\t\t\t<h5 class=\"elementor-heading-title elementor-size-default\">Working hours<\/h5>\t\t\t\t<\/div>\n\t\t\t\t<div class=\"elementor-element elementor-element-6297a46 elementor-widget elementor-widget-heading\" data-id=\"6297a46\" data-element_type=\"widget\" data-widget_type=\"heading.default\">\n\t\t\t\t\t<h5 class=\"elementor-heading-title elementor-size-default\">Monday - Friday: 8:00 - 16:00 <\/h5>\t\t\t\t<\/div>\n\t\t\t\t<\/div>\n\t\t\t\t<\/div>\n\t\t\t\t<\/div>\n\t\t<div class=\"elementor-element elementor-element-75d2bf3 e-con-full e-flex elementor-invisible e-con e-child\" data-id=\"75d2bf3\" data-element_type=\"container\" data-settings=\"{&quot;background_background&quot;:&quot;classic&quot;,&quot;animation&quot;:&quot;fadeIn&quot;,&quot;animation_delay&quot;:200}\">\n\t\t\t\t<div class=\"elementor-element elementor-element-ced7fe0 elementor-widget elementor-widget-heading\" data-id=\"ced7fe0\" data-element_type=\"widget\" data-widget_type=\"heading.default\">\n\t\t\t\t\t<h4 class=\"elementor-heading-title elementor-size-default\">Book a live demonstration<\/h4>\t\t\t\t<\/div>\n\t\t\t\t<div class=\"elementor-element elementor-element-6d50e65 elementor-widget elementor-widget-text-editor\" data-id=\"6d50e65\" data-element_type=\"widget\" data-widget_type=\"text-editor.default\">\n\t\t\t\t\t\t\t\t\t<p>Get to know our solutions in practice through a personalized demonstration<\/p>\t\t\t\t\t\t\t\t<\/div>\n\t\t\t\t<div class=\"elementor-element elementor-element-609241a elementor-widget__width-inherit elementor-widget elementor-widget-html\" data-id=\"609241a\" data-element_type=\"widget\" data-widget_type=\"html.default\">\n\t\t\t\t\t<!-- Preload Calendly resources -->\r\n<link rel=\"preconnect\" href=\"https:\/\/assets.calendly.com\">\r\n<link rel=\"dns-prefetch\" href=\"https:\/\/assets.calendly.com\">\r\n<link rel=\"preload\" href=\"https:\/\/assets.calendly.com\/assets\/external\/widget.css\" as=\"style\">\r\n<link rel=\"preload\" href=\"https:\/\/assets.calendly.com\/assets\/external\/widget.js\" as=\"script\">\r\n\r\n<!-- Load Calendly -->\r\n<link href=\"https:\/\/assets.calendly.com\/assets\/external\/widget.css\" rel=\"stylesheet\">\r\n<script src=\"https:\/\/assets.calendly.com\/assets\/external\/widget.js\" type=\"text\/javascript\"><\/script>\r\n\r\n<a href=\"\" onclick=\"Calendly.initPopupWidget({url: 'https:\/\/calendly.com\/mihaela-marinkovic-guideforyouapp\/30min?month=2025-11'});return false;\" class=\"calendly-cta-button\">\r\n  <svg xmlns=\"http:\/\/www.w3.org\/2000\/svg\" width=\"20\" height=\"20\" viewbox=\"0 0 24 24\" fill=\"none\" stroke=\"currentColor\" stroke-width=\"2\" style=\"vertical-align: middle; margin-right: 10px;\">\r\n    <rect x=\"3\" y=\"4\" width=\"18\" height=\"18\" rx=\"2\" ry=\"2\"><\/rect>\r\n    <line x1=\"16\" y1=\"2\" x2=\"16\" y2=\"6\"><\/line>\r\n    <line x1=\"8\" y1=\"2\" x2=\"8\" y2=\"6\"><\/line>\r\n    <line x1=\"3\" y1=\"10\" x2=\"21\" y2=\"10\"><\/line>\r\n  <\/svg>\r\n  Schedule a demonstration\r\n<\/a>\r\n\r\n<style>\r\n.calendly-cta-button {\r\n  background: linear-gradient(90deg, #f58220, #e5750e);\r\n  color: #ffffff !important;\r\n  padding: 15px 20px;\r\n  border-radius: 20px;\r\n  font-size: 18px;\r\n  font-weight: 600;\r\n  font-family: Inter;\r\n  text-decoration: none;\r\n  display: inline-block;\r\n  transition: all 0.4s ease;\r\n  box-shadow: 0 5px 20px rgba(245, 130, 32, 0.4);\r\n  display: flex;\r\n  align-items: center;\r\n  justify-content: center;\r\n}\r\n\r\n.calendly-cta-button:hover {\r\n  box-shadow: 0 8px 30px rgba(245, 130, 32, 0.6);\r\n  color: #ffffff;\r\n}\r\n<\/style>\t\t\t\t<\/div>\n\t\t\t\t<div class=\"elementor-element elementor-element-a8cdc8e elementor-widget elementor-widget-text-editor\" data-id=\"a8cdc8e\" data-element_type=\"widget\" data-widget_type=\"text-editor.default\">\n\t\t\t\t\t\t\t\t\t<p>\u2022 30-minute session \u2022 No obligation<\/p>\t\t\t\t\t\t\t\t<\/div>\n\t\t\t\t<\/div>\n\t\t\t\t<\/div>\n\t\t\t\t\t<\/div>\n\t\t\t\t<\/div>\n\t\t\t\t<\/div>","protected":false},"excerpt":{"rendered":"<p>Kontaktirajte nas! Spremni ste pobolj\u0161ati iskustvo posjetitelja? Javite nam se i prona\u0107i \u0107emo rje\u0161enje koje odgovara va\u0161im potrebama. Kontaktirajte nas Mi \u0107emo vam pomo\u0107i prona\u0107i rje\u0161enje koje odgovara va\u0161im potrebama. Kontakt Adresa Viktora Sedeli 14, 32270 \u017dupanja, Hrvatska Broj telefona +385 91 606 1272 Email info@guideforyouapp.com Radno vrijeme Ponedjeljak &#8211; Petak: 8:00 &#8211; 16:00 Rezervirajte [&hellip;]<\/p>","protected":false},"author":1,"featured_media":0,"parent":0,"menu_order":0,"comment_status":"closed","ping_status":"closed","template":"","meta":{"footnotes":""},"class_list":["post-46","page","type-page","status-publish","hentry"],"aioseo_notices":[],"_links":{"self":[{"href":"https:\/\/guideforyouapp.com\/en\/wp-json\/wp\/v2\/pages\/46","targetHints":{"allow":["GET"]}}],"collection":[{"href":"https:\/\/guideforyouapp.com\/en\/wp-json\/wp\/v2\/pages"}],"about":[{"href":"https:\/\/guideforyouapp.com\/en\/wp-json\/wp\/v2\/types\/page"}],"author":[{"embeddable":true,"href":"https:\/\/guideforyouapp.com\/en\/wp-json\/wp\/v2\/users\/1"}],"replies":[{"embeddable":true,"href":"https:\/\/guideforyouapp.com\/en\/wp-json\/wp\/v2\/comments?post=46"}],"version-history":[{"count":155,"href":"https:\/\/guideforyouapp.com\/en\/wp-json\/wp\/v2\/pages\/46\/revisions"}],"predecessor-version":[{"id":2955,"href":"https:\/\/guideforyouapp.com\/en\/wp-json\/wp\/v2\/pages\/46\/revisions\/2955"}],"wp:attachment":[{"href":"https:\/\/guideforyouapp.com\/en\/wp-json\/wp\/v2\/media?parent=46"}],"curies":[{"name":"wp","href":"https:\/\/api.w.org\/{rel}","templated":true}]}}